{"id":97,"date":"2025-03-30T12:59:27","date_gmt":"2025-03-30T10:59:27","guid":{"rendered":"https:\/\/pfv-53de47eceb-h6edbwgrhhd5afgq.z01.azurefd.net\/?page_id=97"},"modified":"2025-03-30T12:59:27","modified_gmt":"2025-03-30T10:59:27","slug":"tipps","status":"publish","type":"page","link":"https:\/\/pflegefamilienverein.de\/?page_id=97","title":{"rendered":"Empfehlungen"},"content":{"rendered":"\n<h4 class=\"wp-block-heading\" id=\"ferien-fur-pflegekinder-wildfang-e-v-schneckenmuhle-erlebnisbauernhof-menden\"><em>Ferien f\u00fcr Pflegekinder<\/em><br><br><strong><a href=\"http:\/\/www.wildfang-ev.de\/\">Wildfang e.V.<\/a><br><a href=\"http:\/\/www.schneckenmuehle.de\/startseite\">Schneckenm\u00fchle<\/a><br><a href=\"https:\/\/www.erlebnisbauernhof-menden.de\/erlebnisangebote\/kinder-und-jugendhilfe-fuer-pflegefamilien\/\" data-type=\"URL\" data-id=\"https:\/\/www.erlebnisbauernhof-menden.de\/erlebnisangebote\/kinder-und-jugendhilfe-fuer-pflegefamilien\/\" target=\"_blank\" rel=\"noreferrer noopener\">Erlebnisbauernhof Menden <\/a><br><a href=\"https:\/\/ferien-fuer-pflegekinder.de\" data-type=\"URL\" data-id=\"https:\/\/ferien-fuer-pflegekinder.de\">Ferien f\u00fcr Pflegekinder &#8211; Hof Stoppist\u00f6d<\/a><\/strong><\/h4>\n\n\n\n<h4 class=\"wp-block-heading\"><em>Therapeutisches Reiten<\/em><\/h4>\n\n\n\n<p><a href=\"https:\/\/www.hof-am-lindberg.de\" data-type=\"URL\" data-id=\"https:\/\/www.hof-am-lindberg.de\">Hof am Lindberg<\/a><\/p>\n\n\n\n<h4 class=\"wp-block-heading\" id=\"bucherecke-fur-pflege-und-adoptiveltern\"><em>B\u00fccherecke f\u00fcr Pflege- und Adoptiveltern<\/em><br><\/h4>\n\n\n\n<p><strong>Von Piet, Planeten und Pflegefamilien<\/strong><br>Piet liebt Planeten, Raumschiffe und nat\u00fcrlich seine Mama. Aber bei Mama gibt es auch viele Probleme, die Piet sehr traurig machen. In seiner Fantasie ist sein Zuhause auf dem Planeten Labo, weil sich die Erde und seine Freunde im Kindergarten ganz weit weg anf\u00fchlen. Nun soll Piet eine Zeit lang bei einer fremden Familie wohnen. Was Piet in seiner Pflegefamilie erlebt und wie er wieder auf der Erde ankommt, erz\u00e4hlt diese Geschichte.<br>Das Kinderfachbuch thematisiert das Leben in einer Pflegefamilie. Es unterst\u00fctzt Kinder in Bereitschaftspflege darin, Worte und Bilder f\u00fcr ihren Kummer zu finden und auszusprechen.&nbsp;<br>Der Fachteil erkl\u00e4rt Hintergr\u00fcnde und bietet Bezugspersonen Hilfe zur Unterst\u00fctzung der Kinder.<\/p>\n\n\n\n<p><a href=\"https:\/\/amzn.to\/3FKkJp0\">https:\/\/amzn.to\/3FKkJp0<\/a><br><strong><strong>ISBN 978-3-86321-606-1<\/strong><\/strong><br>Mabuse Verlag<br><\/p>\n\n\n\n<p><strong>Survival-Tipps f\u00fcr Adoptiveltern<\/strong><br>Die Autoren blicken aus zwei Richtungen auf das Thema: als Adoptiveltern und als erfahrene Psychotherapeuten. Ihre Survival-Tipps sind keine einfachen Patentrezepte. Sie benennen die T\u00e4nze, zu denen sich Eltern von ihren Kindern nicht einladen lassen sollten. Das erfordert in erster Linie eher, das Falsche zu unterlassen als das Richtige zu tun. Diesem Don&#8217;t f\u00e4llt \u00fcberraschenderweise das eine oder andere nach p\u00e4dagogischer und psychologischer Sicht vermeintlich richtige Erziehungsverhalten zum Opfer. Viele lebensnahe Fallbeispiele erg\u00e4nzen die wissenschaftlichen Erkenntnisse und konkreten Tipps. Die Autoren wollen deutlich machen, dass M\u00fctter oder V\u00e4ter den scheinbar ausweglosen Situationen des Alltags mit ihren Kindern nicht hilflos ausgeliefert sind. Sie k\u00f6nnen etwas tun. auch wenn dies oft etwas anderes ist, als gemeinhin angenommen und erwartet wird.<\/p>\n\n\n\n<p><a href=\"https:\/\/amzn.to\/4jgbn33\">https:\/\/amzn.to\/4jgbn33<\/a><br><strong>ISBN 978-3-89670-654-6<\/strong><\/p>\n\n\n\n<p><strong>Hugo allein auf dem Feld<\/strong><br>Die jahrzehntelange Arbeit und das Zusammenleben mit Pflege- und Adoptivkindern haben deutlich gemacht, dass die Trauerarbeit mit diesen Kindern h\u00e4ufig zu kurz kommt. Die Kinder f\u00fchlen sich wertlos, ungeliebt und unverstanden. Sie haben f\u00fcr ihre Gef\u00fchle keine Worte, die Pflege- und Adoptiveltern wollen mit dem Thema keine Wunden aufrei\u00dfen.<br>Diese Kinder sind oftmals in ihrem Verhalten auff\u00e4llig. Ihre Wut, ihre Trauer werden verdr\u00e4ngt und hinter Aggressionen oder Zur\u00fcckgezogenheit, Anstrengungsverweigerung, totale Anpassung oder Aufs\u00e4ssigkeit u.a. versteckt &#8211; und damit nicht als Trauer erkannt.<br>Loyalit\u00e4tskonflikte erschweren oftmals den Kindern, ihre Trauer zum Ausdruck zu bringen. Sie f\u00fchlen sich in der neuen Familie &#8222;eigentlich&#8220; wohl, werden dort umsorgt und gemocht, sie f\u00fchlen sich auch geborgen.<br>Die wenigen B\u00fccher, die es f\u00fcr Kinder in diesen Situationen gibt, enden damit, dass sie eine neue Familie gefunden haben und nun alles gut wird. Warum also k\u00f6nnen sie nicht auch einfach nur gl\u00fccklich sein? Sind sie undankbar?<br>Das Buch &#8222;Hugo&#8220; bietet dem Kind die M\u00f6glichkeit, \u00fcber die kleine Maus zu reden, ohne die eigenen Gef\u00fchle gleich preisgeben zu m\u00fcssen. Es will einen Einstieg erm\u00f6glichen, um sich der Thematik zu n\u00e4hern, dem Kind zu zeigen, dass man es versteht, wenn es manchmal w\u00fctend oder ungl\u00fccklich ist. Es kann dadurch erfahren, wie wichtig es f\u00fcr die ganze Familie ist, \u00fcber eigene Gef\u00fchle zu sprechen und dass auch &#8222;negative&#8220; Gef\u00fchle legitim sind.<\/p>\n\n\n\n<p><a href=\"https:\/\/amzn.to\/3Y8Mmyo\">https:\/\/amzn.to\/3Y8Mmyo<\/a><br><strong>ISBN: 978-3869914411<\/strong><\/p>\n\n\n\n<p><strong>Die Himmelsrutsche<\/strong><br>Kim, Paul, Luise, George und Hannah sind f\u00fcnf kleine Sternchen, die endlich Kinder werden m\u00f6chten. Mit Ihren pers\u00f6nlichen Elfen d\u00fcrfen sie die Himmelsrutsche zur Erde hinunter rutschen und lernen Ihre Eltern kennen. Aber bald schon sp\u00fcren sie, dass sie nicht die richtigen Eltern zum richtigen Zeitpunkt gefunden haben. Die Kinder erfahren Gewalt, Vernachl\u00e4ssigung und Lieblosigkeit. Doch sie entdecken den Weg zur\u00fcck zur Himmelsrutsche und zur Klingel f\u00fcr verlassene Kinder. Der Rat der Weisen und Mutter Erde finden gemeinsam mit den Kindern eine L\u00f6sung &#8211; und passende, neue Eltern. Vor allem Pflege-, Adoptiv- und Heimkinder sollen mit diesem Buch stark gemacht werden. Es soll ihnen erleichtert werden, mit dem Erlebten konstruktiv umzugehen. Im Rahmen der Biografiearbeit bietet dieses Buch eine M\u00f6glichkeit, mit den Kindern \u00fcber ihre Vergangenheit zu reden und sie in einer \u00e4hnlichen Geschichte aufzuarbeiten.<\/p>\n\n\n\n<p><a href=\"https:\/\/amzn.to\/4iItL4w\">https:\/\/amzn.to\/4iItL4w<\/a><br><strong>ISBN: 978-386991096-3<\/strong><\/p>\n\n\n\n<p><strong>Der Findefuchs<\/strong><br>Einsam und verlassen liegt ein kleiner Fuchs im Geb\u00fcsch. Er f\u00fcrchtet sich. Da entdeckt ihn eine fremde F\u00fcchsin. Was soll sie nur tun? Sie hat doch schon drei Kinder, die sie ern\u00e4hren muss. Aber allein kann der kleine Findefuchs auch nicht bleiben. Gro\u00dfe Druckschrift f\u00fcr Erstleser. Auswahlliste Deutscher Jugendliteraturpreis.<\/p>\n\n\n\n<p><a href=\"https:\/\/amzn.to\/4hQzOTl\">https:\/\/amzn.to\/4hQzOTl<\/a><br><strong>ISBN: 978-3423075701<\/strong><\/p>\n\n\n\n<p><strong>Paule ist ein Gl\u00fccksgriff<\/strong><br>Andere Kinder haben eine Mutter und einen Vater und vielleicht auch Geschwister und ganz vielleicht sogar einen Hund. Bei Paule ist alles ganz anders. Nat\u00fcrlich hat Paule auch eine Mama und einen Papa. Aber das ist es eben. Mama und Papa haben ihn aus einem Heim geholt, als er noch ganz winzig war. Meistens ist Paule das ja ziemlich egal, aber manchmal m\u00f6chte er doch gern mehr dar\u00fcber wissen&#8230; Behutsam und mit viel Einf\u00fchlungsverm\u00f6gen und Humor wird hier erz\u00e4hlt, wie ein Adoptivkind sich und seine Umwelt erlebt.<\/p>\n\n\n\n<p><a href=\"https:\/\/amzn.to\/3RpSPRI\">https:\/\/amzn.to\/3RpSPRI<\/a><br><strong>ISBN: 978-3789118814<\/strong><\/p>\n\n\n\n<p><strong>Und dann kamst du, und wir wurden eine Familie&nbsp;<\/strong><br>Lisa h\u00f6rt so gern ihre Lieblingsgeschichte: Eng aneinander gekuschelt, mit dem Fotoalbum auf den Knien, erz\u00e4hlen Mama und Papa, wie sie eine Familie wurden. Denn Lisa ist ein Adoptivkind, und das wei\u00df sie schon lange. Wenn die Eltern sich erinnern, wie Lisa zu ihnen kam, sp\u00fcrt sie deren gro\u00dfe Freude und dass sie zusammen geh\u00f6ren. Die warmen Farben der Illustrationen unterstreichen dieses Zusammengeh\u00f6rigkeitsgef\u00fchl.<\/p>\n\n\n\n<p><a href=\"https:\/\/amzn.to\/3RrOe1u\">https:\/\/amzn.to\/3RrOe1u<\/a><br><strong>ISBN: 978-3473330898<\/strong><\/p>\n\n\n\n<p><strong>Wut &#8211; Warum Kinder wild werden<\/strong><br>Kaum etwas fordert Eltern so sehr wir die Wutausbr\u00fcche ihrer Kinder. Gleichzeitig sollen Kinder lernen, sich durchzusetzen und eigene Gef\u00fchle auszudr\u00fccken. Wann ist ihre Wut wichtig und richtig? Und was hilft, wenn scheinbar nichts mehr hilft?<br>Gisela Sturz zeigt Eltern, wie sie mit Wut umgehen k\u00f6nnen &#8211; auch mit der eigenen Wut. Denn erst wenn festgefahrene Muster in Konflikten erkannt werden, k\u00f6nnen Eltern mit klaren, liebevollen Worten auf ihre Kinder eingehen. Dazu z\u00e4hlt auch das Gespr\u00e4ch mit Erzieherinnen, Lehrer und anderen Eltern. Sobald wir die Wut unserer Kinder verstehen, f\u00fchren Verweigerungen und Aggression zu Erfahrungen von N\u00e4he und Ver\u00e4nderung.&nbsp;<\/p>\n\n\n\n<p><a href=\"https:\/\/amzn.to\/4iKIThN\">https:\/\/amzn.to\/4iKIThN<\/a><br><strong>ISBN: 978-3407727343<\/strong><\/p>\n\n\n\n<p><strong>Die Fabel vom kleinen Knoti<\/strong><br>Knoti ist ein kleiner Braunb\u00e4r, der es schafft, mit Hilfe&nbsp;einer F\u00fcchsin ein neues&nbsp;Zuhause bei Familie Dachs. Er bew\u00e4ltigt den Wechsel in eine neue Familie, geht in die Waldtierschule,&nbsp;besucht seine B\u00e4renmutter und erlebt einige Abenteuer.&nbsp;<br>Die Fabel beschreibt einen mutigen kleinen B\u00e4ren, der in einer schwierigen Lebensphase viele Herausforderungen meistern muss. Er erlebt Ver\u00e4nderungen, die viele Pflege- und Adoptivkinder aus ihrem eigenen Leben kennen und mit denen sie sich identifizieren k\u00f6nnen.<\/p>\n\n\n\n<p><a href=\"https:\/\/amzn.to\/4iONIa5\">https:\/\/amzn.to\/4iONIa5<\/a><br><strong>ISBN: 978-3743951372<\/strong><\/p>\n\n\n\n<p><strong>Wie man den Wind aufh\u00e4lt<\/strong><\/p>\n\n\n\n<p>Delsie wohnt allein bei ihrer Gro\u00dfmutter auf Cape Cod und fragt sich immer \u00f6fter, wer ihre wahre Familie ist. Als ihre Freundin Aimee sie als \u00bbWaise\u00ab bezeichnet, m\u00f6chte Delsie mehr \u00fcber ihre Eltern erfahren. Zum Gl\u00fcck schlie\u00dft sie Freundschaft mit Ronan, der mit seiner eigenen Vergangenheit zu k\u00e4mpfen hat. W\u00e4hrend sie gemeinsam Cape Cod erkunden, entdecken Delsie und Ronan den Unterschied zwischen W\u00fctend- und Traurigsein, was es bedeutet, kaputt oder heil zu sein, wie es ist, verlassen oder geliebt zu werden. Und dass sie gemeinsam jedem Sturm gewachsen sind.<\/p>\n\n\n\n<p><a href=\"https:\/\/amzn.to\/46hXH2n\">https:\/\/amzn.to\/46hXH2n<\/a><\/p>\n\n\n\n<p><strong>ISBN: 978-3570165843<\/strong><\/p>\n\n\n\n<p><\/p>\n","protected":false},"excerpt":{"rendered":"<p>Ferien f\u00fcr Pflegekinder Wildfang e.V.Schneckenm\u00fchleErlebnisbauernhof Menden Ferien f\u00fcr Pflegekinder &#8211; Hof Stoppist\u00f6d Therapeutisches Reiten Hof am Lindberg B\u00fccherecke f\u00fcr Pflege- und Adoptiveltern Von Piet, Planeten und PflegefamilienPiet liebt Planeten, Raumschiffe und nat\u00fcrlich seine Mama. Aber bei Mama gibt es auch viele Probleme, die Piet sehr traurig machen. In seiner Fantasie ist sein Zuhause auf dem &hellip; <\/p>\n<p class=\"link-more\"><a href=\"https:\/\/pflegefamilienverein.de\/?page_id=97\" class=\"more-link\"><span class=\"screen-reader-text\">\u201eEmpfehlungen\u201c <\/span>weiterlesen<\/a><\/p>\n","protected":false},"author":2,"featured_media":0,"parent":0,"menu_order":0,"comment_status":"closed","ping_status":"closed","template":"","meta":{"footnotes":""},"class_list":["post-97","page","type-page","status-publish","hentry"],"_links":{"self":[{"href":"https:\/\/pflegefamilienverein.de\/index.php?rest_route=\/wp\/v2\/pages\/97","targetHints":{"allow":["GET"]}}],"collection":[{"href":"https:\/\/pflegefamilienverein.de\/index.php?rest_route=\/wp\/v2\/pages"}],"about":[{"href":"https:\/\/pflegefamilienverein.de\/index.php?rest_route=\/wp\/v2\/types\/page"}],"author":[{"embeddable":true,"href":"https:\/\/pflegefamilienverein.de\/index.php?rest_route=\/wp\/v2\/users\/2"}],"replies":[{"embeddable":true,"href":"https:\/\/pflegefamilienverein.de\/index.php?rest_route=%2Fwp%2Fv2%2Fcomments&post=97"}],"version-history":[{"count":0,"href":"https:\/\/pflegefamilienverein.de\/index.php?rest_route=\/wp\/v2\/pages\/97\/revisions"}],"wp:attachment":[{"href":"https:\/\/pflegefamilienverein.de\/index.php?rest_route=%2Fwp%2Fv2%2Fmedia&parent=97"}],"curies":[{"name":"wp","href":"https:\/\/api.w.org\/{rel}","templated":true}]}}