{"id":94,"date":"2025-03-30T12:24:22","date_gmt":"2025-03-30T10:24:22","guid":{"rendered":"https:\/\/pfv-53de47eceb-h6edbwgrhhd5afgq.z01.azurefd.net\/?page_id=94"},"modified":"2025-03-30T12:24:22","modified_gmt":"2025-03-30T10:24:22","slug":"spenden-mitmachen","status":"publish","type":"page","link":"https:\/\/pflegefamilienverein.de\/?page_id=94","title":{"rendered":"Spenden &amp; Mitmachen"},"content":{"rendered":"\n<p>Sie m\u00f6chten unseren Verein mit einer Spende oder als Mitglied unterst\u00fctzen? Ihr Engagement ist uns enorm wichtig und unterst\u00fctzt unsere Arbeit.&nbsp;<\/p>\n\n\n\n<p><strong><em>Spende per \u00dcberweisung:<\/em><\/strong><\/p>\n\n\n\n<p>Pflegefamilienverein Potsdam\/Potsdam-Mittelmark e.V.<\/p>\n\n\n\n<p>DEUTSCHE SKATBANK<br>IBAN: DE22 8306 5408 0004 2562 04&nbsp;<br>BIC: GENODEF1SLR<\/p>\n\n\n\n<p>F\u00fcr eine Spendenquittung senden Sie uns bitte Ihre Adresse per Mail an <a rel=\"noreferrer noopener\" href=\"mailto:info@pflegeelternverein.org\" target=\"_blank\">info@pflegeelternverein.org<\/a>. Alternativ schreiben Sie einfach Ihre Anschrift im Verwendungszweck Ihrer \u00dcberweisung. F\u00fcr Spendenbetr\u00e4ge unter 300 Euro reicht Ihr Kontoauszug zur Vorlage beim Finanzamt.<\/p>\n\n\n\n<p><strong><em>Sie k\u00f6nnen aber auch ganz einfach online f\u00fcr uns spenden:<\/em><\/strong><\/p>\n\n\n\n<p><strong><em>Spende via <\/em><\/strong><em style=\"font-weight: bold;\">Via PayPal:<\/em><\/p>\n\n\n\n<form action=\"https:\/\/www.paypal.com\/donate\" method=\"post\" target=\"_top\">\n<input type=\"hidden\" name=\"hosted_button_id\" value=\"8SNPW9VDEA87W\">\n<input type=\"image\" src=\"https:\/\/www.paypalobjects.com\/de_DE\/DE\/i\/btn\/btn_donateCC_LG.gif\" border=\"0\" name=\"submit\" title=\"PayPal - The safer, easier way to pay online!\" alt=\"Donate with PayPal button\">\n<img loading=\"lazy\" decoding=\"async\" alt=\"\" border=\"0\" src=\"https:\/\/www.paypal.com\/de_DE\/i\/scr\/pixel.gif\" width=\"1\" height=\"1\">\n<\/form>\n\n\n\n<p><\/p>\n\n\n\n<p><strong><em>\u00dcb<\/em><\/strong><em><strong>er die Spendenplattform betterplace<\/strong>:<\/em><\/p>\n\n\n<p><iframe loading=\"lazy\" frameborder=\"0\" marginheight=\"0\" marginwidth=\"0\" src=\"https:\/\/project-widget.betterplace.org\/projects\/90085?l=de\" width=\"100%\" height=\"320\" style=\"border: 0; padding:0; margin:0;\">Informieren und spenden: &lt;a href=&#39;https:\/\/www.betterplace.org\/de\/projects\/90085-pflegekindern-ein-liebevolles-zuhause-geben-und-chancen-bieten&#39; target=&#39;_blank&#39;&gt;\u201ePflegekindern ein liebevolles Zuhause geben und Chancen bieten\u201c&lt;\/a&gt; auf betterplace.org \u00f6ffnen.<\/iframe><\/p>\n\n\n\n<p><strong><em>Machen Sie mit und werden Sie Mitglied!<\/em><\/strong><\/p>\n\n\n\n<p>Haben Sie sich schon einmal \u00fcberlegt, wie viel Sie bewegen k\u00f6nnten, wenn Sie im Verein aktiv mitwirken k\u00f6nnen?<\/p>\n\n\n\n<p>Gemeinsam sind wir stark!<\/p>\n\n\n\n<p>Sie m\u00f6chten Mitglied in unserem Verein werden? Klasse! Bitte drucken Sie daf\u00fcr das untere Formular aus und schicken Sie es unterschrieben per Post an die angegebene Adresse&nbsp;oder per Mail an&nbsp;<a href=\"mailto:pflegeelternverein-pm@gmx.de\">info@pflegeelternverein.org<\/a>&nbsp;zur\u00fcck. Der Mitgliedsbeitrag betr\u00e4gt 30 Euro im Jahr. Der Beitrag wird auf Wunsch per Lastschriftverfahren eingezogen.<\/p>\n\n\n\n<p><strong>Download <\/strong><\/p>\n\n\n\n<p><a href=\"https:\/\/pfv-53de47eceb-h6edbwgrhhd5afgq.z01.azurefd.net\/blobpfv53de47eceb\/wp-content\/uploads\/2025\/06\/Mitgliedsantrag_Januar2025.pdf\">Mitgliedsantrag<\/a><\/p>\n\n\n\n<p><\/p>\n","protected":false},"excerpt":{"rendered":"<p>Sie m\u00f6chten unseren Verein mit einer Spende oder als Mitglied unterst\u00fctzen? Ihr Engagement ist uns enorm wichtig und unterst\u00fctzt unsere Arbeit.&nbsp; Spende per \u00dcberweisung: Pflegefamilienverein Potsdam\/Potsdam-Mittelmark e.V. DEUTSCHE SKATBANKIBAN: DE22 8306 5408 0004 2562 04&nbsp;BIC: GENODEF1SLR F\u00fcr eine Spendenquittung senden Sie uns bitte Ihre Adresse per Mail an info@pflegeelternverein.org. Alternativ schreiben Sie einfach Ihre Anschrift &hellip; <\/p>\n<p class=\"link-more\"><a href=\"https:\/\/pflegefamilienverein.de\/?page_id=94\" class=\"more-link\"><span class=\"screen-reader-text\">\u201eSpenden &amp; Mitmachen\u201c <\/span>weiterlesen<\/a><\/p>\n","protected":false},"author":2,"featured_media":0,"parent":0,"menu_order":0,"comment_status":"closed","ping_status":"closed","template":"","meta":{"footnotes":""},"class_list":["post-94","page","type-page","status-publish","hentry"],"_links":{"self":[{"href":"https:\/\/pflegefamilienverein.de\/index.php?rest_route=\/wp\/v2\/pages\/94","targetHints":{"allow":["GET"]}}],"collection":[{"href":"https:\/\/pflegefamilienverein.de\/index.php?rest_route=\/wp\/v2\/pages"}],"about":[{"href":"https:\/\/pflegefamilienverein.de\/index.php?rest_route=\/wp\/v2\/types\/page"}],"author":[{"embeddable":true,"href":"https:\/\/pflegefamilienverein.de\/index.php?rest_route=\/wp\/v2\/users\/2"}],"replies":[{"embeddable":true,"href":"https:\/\/pflegefamilienverein.de\/index.php?rest_route=%2Fwp%2Fv2%2Fcomments&post=94"}],"version-history":[{"count":0,"href":"https:\/\/pflegefamilienverein.de\/index.php?rest_route=\/wp\/v2\/pages\/94\/revisions"}],"wp:attachment":[{"href":"https:\/\/pflegefamilienverein.de\/index.php?rest_route=%2Fwp%2Fv2%2Fmedia&parent=94"}],"curies":[{"name":"wp","href":"https:\/\/api.w.org\/{rel}","templated":true}]}}