{"id":218,"date":"2025-04-03T08:46:04","date_gmt":"2025-04-03T06:46:04","guid":{"rendered":"https:\/\/test.pflegefamilienverein.de\/?page_id=218"},"modified":"2025-04-03T08:46:04","modified_gmt":"2025-04-03T06:46:04","slug":"anbahnung","status":"publish","type":"page","link":"https:\/\/pflegefamilienverein.de\/?page_id=218","title":{"rendered":"Anbahnung"},"content":{"rendered":"\n<p><strong>Was passiert in der Anbahnung?<\/strong><br>M\u00f6gliche Pflegeeltern bekommen Einblick in die Geschichte (Akte) des Kindes. Es dient dazu, dass die potenziellen Pflegeeltern einen ersten Eindruck vom Kind und auch von den Umst\u00e4nden des Pflegeverh\u00e4ltnisses bekommen. Die Familie kann abw\u00e4gen, ob Kind und Familie gut zusammenpassen k\u00f6nnten.<br>Wenn dies der Fall ist, erfolgen die ersten Treffen. Die potentiellen Pflegeeltern lernen das Kind in seiner momentanen Umgebung kennen. Beide bekommen voneinander einen Eindruck und k\u00f6nnen entscheiden, ob \u201ees\u201c passt.<br><br>Bereits angew\u00f6hnte Rituale sollten von den zuk\u00fcnftigen Pflegeeltern \u00fcbernommen werden, damit das Kind die M\u00f6glichkeit hat sich an bekannten Konstanten zu orientieren. Sie helfen dem Kind sich besser einzugew\u00f6hnen.<br><br><strong>Wie lange dauert die Anbahnungsphase?<\/strong><br>Es gibt keine klaren zeitlichen Vorgaben f\u00fcr die Dauer der Anbahnung. Sie kann wenige Tage dauern oder mehrere Monate und ist abh\u00e4ngig vom Alter des Kindes, der Dauer der Unterbringung in der jetzigen Stelle, der Qualit\u00e4t der Bindungen, die es dort eingegangen ist und von seiner Bereitschaft, sich auf die neue Situation einzulassen.<br><br><strong>Wer hat in der Anbahnungsphase das Sagen?<\/strong><br>In der Anbahnungsphase sollten die derzeitigen Bezugspersonen, die k\u00fcnftigen Pflegeeltern und die beteiligten Fachkr\u00e4fte vertrauensvoll und einf\u00fchlsam zusammen arbeiten.<br>Es ist wichtig, dass sich alle Beteiligten regelm\u00e4\u00dfig \u00fcber den Verlauf der Anbahnungsphase austauschen. Wenn dies erfolgt, werden sie gemeinsam den richtigen Zeitpunkt f\u00fcr die \u00dcbersiedlung erkennen.<br><br><strong>Kann die Anbahnungsphase abgebrochen werden?<\/strong><br>Die Anbahnungsphase soll nicht nur dem Kind zu einem m\u00f6glichst sanften \u00dcbergang verhelfen, sie soll auch den k\u00fcnftigen Pflegeeltern die gr\u00f6\u00dftm\u00f6gliche Gewissheit geben, dass sie dieses Kind tats\u00e4chlich dauerhaft bei sich aufnehmen m\u00f6chten.<br>Wenn in der Anbahnungsphase Zweifel aufkommen, sollten diese mit der zust\u00e4ndigen Fachkraft besprochen werden. Oft entspringen sie eher einer \u201eAngst vor der eigenen Courage\u201c und lassen sich schnell ausr\u00e4umen. Manchmal haben sie aber auch tiefgehende Gr\u00fcnde (die Pflegefamilie bef\u00fcrchtet, mit der Aufnahme dieses Kindes \u00fcberfordert zu sein, sie findet keinen Bezug zu dem Kind o.\u00e4.). Dann kann und sollte die Anbahnung abgebrochen werden. Weder Mitleid mit dem Kind noch die Angst, nie mehr ein Kind vorgeschlagen zu bekommen oder eine lange Wartezeit bis zum n\u00e4chsten Kindervorschlag sollten nicht dazu f\u00fchren, eine Anbahnung gegen die eigene innere \u00dcberzeugung fortzuf\u00fchren. Der Abbruch einer Anbahnung ist keine \u201epers\u00f6nliche Bankrotterkl\u00e4rung\u201c, sondern vielmehr ein Zeichen von gro\u00dfem Verantwortungsbewusstsein und wird von den Jugend\u00e4mtern in der Regel auch so gesehen!<\/p>\n\n\n\n<p><\/p>\n","protected":false},"excerpt":{"rendered":"<p>Was passiert in der Anbahnung?M\u00f6gliche Pflegeeltern bekommen Einblick in die Geschichte (Akte) des Kindes. Es dient dazu, dass die potenziellen Pflegeeltern einen ersten Eindruck vom Kind und auch von den Umst\u00e4nden des Pflegeverh\u00e4ltnisses bekommen. Die Familie kann abw\u00e4gen, ob Kind und Familie gut zusammenpassen k\u00f6nnten.Wenn dies der Fall ist, erfolgen die ersten Treffen. Die potentiellen &hellip; <\/p>\n<p class=\"link-more\"><a href=\"https:\/\/pflegefamilienverein.de\/?page_id=218\" class=\"more-link\"><span class=\"screen-reader-text\">\u201eAnbahnung\u201c <\/span>weiterlesen<\/a><\/p>\n","protected":false},"author":2,"featured_media":0,"parent":216,"menu_order":0,"comment_status":"closed","ping_status":"closed","template":"","meta":{"footnotes":""},"class_list":["post-218","page","type-page","status-publish","hentry"],"_links":{"self":[{"href":"https:\/\/pflegefamilienverein.de\/index.php?rest_route=\/wp\/v2\/pages\/218","targetHints":{"allow":["GET"]}}],"collection":[{"href":"https:\/\/pflegefamilienverein.de\/index.php?rest_route=\/wp\/v2\/pages"}],"about":[{"href":"https:\/\/pflegefamilienverein.de\/index.php?rest_route=\/wp\/v2\/types\/page"}],"author":[{"embeddable":true,"href":"https:\/\/pflegefamilienverein.de\/index.php?rest_route=\/wp\/v2\/users\/2"}],"replies":[{"embeddable":true,"href":"https:\/\/pflegefamilienverein.de\/index.php?rest_route=%2Fwp%2Fv2%2Fcomments&post=218"}],"version-history":[{"count":0,"href":"https:\/\/pflegefamilienverein.de\/index.php?rest_route=\/wp\/v2\/pages\/218\/revisions"}],"up":[{"embeddable":true,"href":"https:\/\/pflegefamilienverein.de\/index.php?rest_route=\/wp\/v2\/pages\/216"}],"wp:attachment":[{"href":"https:\/\/pflegefamilienverein.de\/index.php?rest_route=%2Fwp%2Fv2%2Fmedia&parent=218"}],"curies":[{"name":"wp","href":"https:\/\/api.w.org\/{rel}","templated":true}]}}