{"id":216,"date":"2025-04-03T08:44:47","date_gmt":"2025-04-03T06:44:47","guid":{"rendered":"https:\/\/test.pflegefamilienverein.de\/?page_id=216"},"modified":"2025-04-03T08:44:47","modified_gmt":"2025-04-03T06:44:47","slug":"erste-schritte-als-pflegeeltern","status":"publish","type":"page","link":"https:\/\/pflegefamilienverein.de\/?page_id=216","title":{"rendered":"Erste Schritte als gepr\u00fcfte Pflegeeltern"},"content":{"rendered":"\n<p>Wenn ein Kind vor der Vermittlung in einem Heim oder einer Bereitschaftspflege lebt, wird in der Regel eine Anbahnung erfolgen. Sie soll den potentiellen Pflegeeltern und dem Kind erm\u00f6glichen, sich vor dem Umzug behutsam kennen zu lernen, um Entscheidungssicherheit zu bekommen. Eine erfolgreiche Anbahnung erspart dem Kind einen (weiteren) abrupten Verlust von seinen derzeitigen Bezugspersonen und seinem momentanen Lebensmittelpunkt und erm\u00f6glicht ihm einen sanften \u00dcbergang in die neue Lebenssituation.<\/p>\n\n\n\n<p>Die Anbahnungsphase ist ein wesentlicher Bestandteil des Prozesses der Aufnahme eines Pflegekindes. Sie dient dem schrittweisen Kennenlernen zwischen dem Kind und der zuk\u00fcnftigen Pflegefamilie mit dem Ziel, einen positiven \u00dcbergang zu gestalten.<\/p>\n\n\n\n<p>Im Vorfeld der ersten Kontakte erhalten Sie vom Jugendamt relevante Informationen \u00fcber das Kind, einschlie\u00dflich seiner Biografie, Bed\u00fcrfnisse und Besonderheiten. Dies soll Ihnen eine erste Orientierung erm\u00f6glichen.<\/p>\n\n\n\n<p>Die Anbahnung beginnt in der Regel mit ersten Treffen in einem neutralen Rahmen, bei denen das Kind, die Pflegeeltern und eine Fachkraft anwesend sind. Diese Treffen dienen dem ersten Kennenlernen und der Beobachtung der Interaktion.<\/p>\n\n\n\n<p>Im weiteren Verlauf k\u00f6nnen die Kontakte intensiviert werden und in der zuk\u00fcnftigen Pflegefamilie stattfinden. Gemeinsame Aktivit\u00e4ten und das Erkunden des neuen Wohnumfelds erm\u00f6glichen es dem Kind und den Pflegeeltern, sich besser kennenzulernen und eine erste Beziehung aufzubauen.<\/p>\n\n\n\n<p>Bei \u00e4lteren Kindern und Jugendlichen k\u00f6nnen, nach positiver Entwicklung, auch erste \u00dcbernachtungsbesuche Teil der Anbahnung sein, um den Alltag in der Pflegefamilie kennenzulernen.<\/p>\n\n\n\n<p>Die Gestaltung und Dauer der Anbahnung richten sich nach den individuellen Bed\u00fcrfnissen und dem Tempo des Kindes. Eine offene und transparente Kommunikation zwischen allen Beteiligten ist dabei von gro\u00dfer Bedeutung. Das Jugendamt begleitet diesen Prozess eng und steht Ihnen f\u00fcr Fragen und Unterst\u00fctzung zur Verf\u00fcgung.<\/p>\n\n\n\n<p>Ziel der Anbahnung ist es, eine Vertrauensbasis zu schaffen und dem Pflegekind den \u00dcbergang in die neue Familie zu erleichtern. Wir bitten Sie um Geduld und Flexibilit\u00e4t w\u00e4hrend dieser wichtigen Phase.<\/p>\n\n\n\n<p><\/p>\n\n\n\n<p><\/p>\n","protected":false},"excerpt":{"rendered":"<p>Wenn ein Kind vor der Vermittlung in einem Heim oder einer Bereitschaftspflege lebt, wird in der Regel eine Anbahnung erfolgen. Sie soll den potentiellen Pflegeeltern und dem Kind erm\u00f6glichen, sich vor dem Umzug behutsam kennen zu lernen, um Entscheidungssicherheit zu bekommen. Eine erfolgreiche Anbahnung erspart dem Kind einen (weiteren) abrupten Verlust von seinen derzeitigen Bezugspersonen &hellip; <\/p>\n<p class=\"link-more\"><a href=\"https:\/\/pflegefamilienverein.de\/?page_id=216\" class=\"more-link\"><span class=\"screen-reader-text\">\u201eErste Schritte als gepr\u00fcfte Pflegeeltern\u201c <\/span>weiterlesen<\/a><\/p>\n","protected":false},"author":2,"featured_media":0,"parent":210,"menu_order":0,"comment_status":"closed","ping_status":"closed","template":"","meta":{"footnotes":""},"class_list":["post-216","page","type-page","status-publish","hentry"],"_links":{"self":[{"href":"https:\/\/pflegefamilienverein.de\/index.php?rest_route=\/wp\/v2\/pages\/216","targetHints":{"allow":["GET"]}}],"collection":[{"href":"https:\/\/pflegefamilienverein.de\/index.php?rest_route=\/wp\/v2\/pages"}],"about":[{"href":"https:\/\/pflegefamilienverein.de\/index.php?rest_route=\/wp\/v2\/types\/page"}],"author":[{"embeddable":true,"href":"https:\/\/pflegefamilienverein.de\/index.php?rest_route=\/wp\/v2\/users\/2"}],"replies":[{"embeddable":true,"href":"https:\/\/pflegefamilienverein.de\/index.php?rest_route=%2Fwp%2Fv2%2Fcomments&post=216"}],"version-history":[{"count":0,"href":"https:\/\/pflegefamilienverein.de\/index.php?rest_route=\/wp\/v2\/pages\/216\/revisions"}],"up":[{"embeddable":true,"href":"https:\/\/pflegefamilienverein.de\/index.php?rest_route=\/wp\/v2\/pages\/210"}],"wp:attachment":[{"href":"https:\/\/pflegefamilienverein.de\/index.php?rest_route=%2Fwp%2Fv2%2Fmedia&parent=216"}],"curies":[{"name":"wp","href":"https:\/\/api.w.org\/{rel}","templated":true}]}}