{"id":213,"date":"2025-04-01T10:26:18","date_gmt":"2025-04-01T08:26:18","guid":{"rendered":"https:\/\/test.pflegefamilienverein.de\/?page_id=213"},"modified":"2025-04-01T10:26:18","modified_gmt":"2025-04-01T08:26:18","slug":"voraussetzungen-fuer-pflegeeltern","status":"publish","type":"page","link":"https:\/\/pflegefamilienverein.de\/?page_id=213","title":{"rendered":"Voraussetzungen f\u00fcr Pflegeeltern"},"content":{"rendered":"\n<p><strong>Wer kann ein Pflegekind aufnehmen?<\/strong><\/p>\n\n\n\n<p>Verheiratete, Alleinstehende, Menschen, die in gleichgeschlechtlicher Beziehung oder in einer Lebensgemeinschaft leben, mit oder ohne eigenen Kindern, die sich vorstellen k\u00f6nnen, ein oder mehrere Kind\/er bei sich aufzunehmen, um ihnen Geborgenheit und Liebe zu geben.<\/p>\n\n\n\n<p>Bei einer dauerhaften Unterbringung von Pflegekindern sollte mindestens&nbsp;einer der Bewerber\/-innen ein Mindestalter von 25 Jahren aufweisen und das Alter sollte einem nat\u00fcrlichen Eltern-Kind-Verh\u00e4ltnis entsprechen. Bei Erreichung der Vollj\u00e4hrigkeit des Pflegekindes sollten Sie nicht \u00e4lter als 67 Jahre sein.<\/p>\n\n\n\n<p><strong>Welche Voraussetzungen sollten Pflegeeltern erf\u00fcllen?<\/strong><\/p>\n\n\n\n<ul class=\"wp-block-list\">\n<li>Mutter oder Vater sein k\u00f6nnen<\/li>\n\n\n\n<li>Freude am Zusammenleben und Erfahrung im Umgang mit Kindern und Jugendlichen haben<\/li>\n\n\n\n<li>Verst\u00e4ndnis f\u00fcr die Kinder und ihre Vorgeschichte aufbringen<\/li>\n\n\n\n<li>belastbar sein, Geduld und Einf\u00fchlungsverm\u00f6gen sowie Zeit f\u00fcr das Kind\/die Kinder mitbringen<\/li>\n\n\n\n<li>konsequent und ausdauernd sein<\/li>\n\n\n\n<li>in Stresssituationen Gelassenheit bewahren und nicht den Humor verlieren<\/li>\n\n\n\n<li>in geordneten wirtschaftlichen Verh\u00e4ltnissen leben und Platz f\u00fcr (zus\u00e4tzliche) Kinder haben<\/li>\n\n\n\n<li>bereit sein, w\u00e4hrend der Pflegezeit engen Kontakt mit der Herkunftsfamilie des Kindes und den&nbsp;Mitarbeitern des Jugendamtes zu halten<\/li>\n\n\n\n<li>bereit sein, das erforderliche Schulungsprogramm und Pr\u00fcfverfahren zu durchlaufen<\/li>\n\n\n\n<li>bereit sein, Einsicht in pers\u00f6nliche Unterlagen wie Lebenslauf, F\u00fchrungszeugnis, Lohnbescheinigung und ein gesundheitliches Attest, zu gew\u00e4hren<\/li>\n\n\n\n<li>Trennungen (bei R\u00fcckf\u00fchrung des Kindes in Herkunftsfamilie) verkraften k\u00f6nnen<\/li>\n<\/ul>\n\n\n\n<p><strong>Wirtschaftliche Verh\u00e4ltnisse und Wohnsituation:<\/strong><\/p>\n\n\n\n<ul class=\"wp-block-list\">\n<li>Sie sollten in gesicherten und stabilen finanziellen Verh\u00e4ltnissen leben.<\/li>\n\n\n\n<li>Es ist Bedingung, dass Sie \u00fcber ausreichend Wohnraum verf\u00fcgen.<\/li>\n\n\n\n<li>Ein eigenes Zimmer f\u00fcr das Pflegekind ist (je nach Alter des Kindes) in der Regel erforderlich.&nbsp;<\/li>\n\n\n\n<li>Sie sollten eine kinderfreundliche Umgebung bieten k\u00f6nnen.<\/li>\n\n\n\n<li>Berufst\u00e4tigkeit\/Teilzeitt\u00e4tigkeit ist kein Hinderungsgrund f\u00fcr die Aufnahme eines Pflegekindes. Der h\u00f6here zeitliche Bedarf, der durch die Aufnahme eines weiteren Familienmitgliedes&nbsp;entsteht, sollte jedoch unbedingt ber\u00fccksichtigt werden.<\/li>\n<\/ul>\n\n\n\n<p>Was bekommt man als Pflegeeltern?<br>Alle Pflegeeltern bekommen ein Pflegegeld, die H\u00f6he des Pflegegeldes richtet sich nach dem Alter und dem erzieherischen Bedarf. Die H\u00f6he variiert auch innerhalb der einzelnen Landkreise:<br>Richtlinien f\u00fcr <a href=\"https:\/\/www.potsdam-mittelmark.de\/fileadmin\/Redakteure\/Bilder\/Bildung___Soziales\/PDF\/Richtlinie_PM_01.07.21_1.pdf\">Potsdam-Mittelmark<\/a><br>Richtlinien f\u00fcr <a href=\"https:\/\/www.potsdam-mittelmark.de\/fileadmin\/Redakteure\/Bilder\/Bildung%20%26%20Soziales\/PDF\/RLBeihilfen_Stand_09.06.2017.pdf\">Potsdam<\/a><\/p>\n","protected":false},"excerpt":{"rendered":"<p>Wer kann ein Pflegekind aufnehmen? Verheiratete, Alleinstehende, Menschen, die in gleichgeschlechtlicher Beziehung oder in einer Lebensgemeinschaft leben, mit oder ohne eigenen Kindern, die sich vorstellen k\u00f6nnen, ein oder mehrere Kind\/er bei sich aufzunehmen, um ihnen Geborgenheit und Liebe zu geben. Bei einer dauerhaften Unterbringung von Pflegekindern sollte mindestens&nbsp;einer der Bewerber\/-innen ein Mindestalter von 25 Jahren &hellip; <\/p>\n<p class=\"link-more\"><a href=\"https:\/\/pflegefamilienverein.de\/?page_id=213\" class=\"more-link\"><span class=\"screen-reader-text\">\u201eVoraussetzungen f\u00fcr Pflegeeltern\u201c <\/span>weiterlesen<\/a><\/p>\n","protected":false},"author":2,"featured_media":0,"parent":210,"menu_order":0,"comment_status":"closed","ping_status":"closed","template":"","meta":{"footnotes":""},"class_list":["post-213","page","type-page","status-publish","hentry"],"_links":{"self":[{"href":"https:\/\/pflegefamilienverein.de\/index.php?rest_route=\/wp\/v2\/pages\/213","targetHints":{"allow":["GET"]}}],"collection":[{"href":"https:\/\/pflegefamilienverein.de\/index.php?rest_route=\/wp\/v2\/pages"}],"about":[{"href":"https:\/\/pflegefamilienverein.de\/index.php?rest_route=\/wp\/v2\/types\/page"}],"author":[{"embeddable":true,"href":"https:\/\/pflegefamilienverein.de\/index.php?rest_route=\/wp\/v2\/users\/2"}],"replies":[{"embeddable":true,"href":"https:\/\/pflegefamilienverein.de\/index.php?rest_route=%2Fwp%2Fv2%2Fcomments&post=213"}],"version-history":[{"count":0,"href":"https:\/\/pflegefamilienverein.de\/index.php?rest_route=\/wp\/v2\/pages\/213\/revisions"}],"up":[{"embeddable":true,"href":"https:\/\/pflegefamilienverein.de\/index.php?rest_route=\/wp\/v2\/pages\/210"}],"wp:attachment":[{"href":"https:\/\/pflegefamilienverein.de\/index.php?rest_route=%2Fwp%2Fv2%2Fmedia&parent=213"}],"curies":[{"name":"wp","href":"https:\/\/api.w.org\/{rel}","templated":true}]}}