{"id":210,"date":"2025-03-31T20:22:28","date_gmt":"2025-03-31T18:22:28","guid":{"rendered":"https:\/\/test.pflegefamilienverein.de\/?page_id=210"},"modified":"2025-03-31T20:22:28","modified_gmt":"2025-03-31T18:22:28","slug":"hilfesystem","status":"publish","type":"page","link":"https:\/\/pflegefamilienverein.de\/?page_id=210","title":{"rendered":"Hilfesystem"},"content":{"rendered":"\n<p><strong>Das Hilfesystem f\u00fcr Pflegekinder in Potsdam und Potsdam-Mittelmark<\/strong><br>Das Hilfesystem f\u00fcr Pflegekinder in Potsdam und dem Landkreis Potsdam-Mittelmark ist darauf ausgerichtet, Kindern und Jugendlichen, die nicht in ihrer Herkunftsfamilie leben k\u00f6nnen, ein stabiles und f\u00f6rderndes Zuhause zu bieten. Der Prozess beginnt mit der sorgf\u00e4ltigen Auswahl und Qualifizierung von geeigneten Pflegefamilien. Interessierte Paare oder Einzelpersonen durchlaufen eine umfassende Vorbereitung, in der sie auf die besonderen Bed\u00fcrfnisse von Pflegekindern vorbereitet werden.<\/p>\n\n\n\n<p>Nach der Platzierung eines Kindes in einer Pflegefamilie gew\u00e4hrleistet das Jugendamt in der Region eine kontinuierliche Begleitung und Beratung. Diese Unterst\u00fctzung umfasst regelm\u00e4\u00dfige Gespr\u00e4che, fachliche Anleitung und bei Bedarf auch therapeutische Angebote f\u00fcr das Kind und die Pflegefamilie. Ziel ist es, eine positive Entwicklung des Kindes zu f\u00f6rdern, seine Integration in die Pflegefamilie zu unterst\u00fctzen und die Beziehung zwischen allen Beteiligten zu st\u00e4rken.<\/p>\n\n\n\n<p>Dar\u00fcber hinaus gibt es in Potsdam und Potsdam-Mittelmark verschiedene Fachdienste und Netzwerke, die Pflegefamilien und Pflegekinder erg\u00e4nzend unterst\u00fctzen. Dazu k\u00f6nnen beispielsweise Selbsthilfegruppen f\u00fcr Pflegeeltern, Angebote zur Freizeitgestaltung f\u00fcr Pflegekinder oder spezielle F\u00f6rderma\u00dfnahmen geh\u00f6ren. Das \u00fcbergeordnete Ziel ist es, jedem Pflegekind in der Region ein sicheres, liebevolles und entwicklungsf\u00f6rderndes Umfeld zu erm\u00f6glichen.<\/p>\n\n\n\n<p><strong>An wen muss ich mich wenden, wenn ich Pflegeelternteil werden m\u00f6chte?<\/strong><\/p>\n\n\n\n<p>Pflegefamilien aus Potsdam-Mittelmark werden durch den Pflegekinderdienst Potsdam-Mittelmark betreut.<\/p>\n\n\n\n<p>Der betreuende Pflegekinderdienst f\u00fcr hat seinen Sitz in Werder\/Havel.<\/p>\n\n\n\n<p><strong>Besucheradresse:<br><\/strong>Landkreis Potsdam-Mittelmark<br>Gemeinsame Fachstelle Pflegekinderdienst<br>Unter den Linden 1<br>14542 Werder (Havel)<\/p>\n\n\n\n<p><strong>E-Mail:<\/strong> Pflegekinderdienst@Potsdam-Mittelmark.de<\/p>\n\n\n\n<p><strong>Telefon: <\/strong>03381\/533223 (Sekretariat Frau Schulz)<\/p>\n\n\n\n<p><strong>Postanschrift:<br><\/strong>Landkreis Potsdam-Mittelmark<br>Fachdienst Kinder\/Jugend\/Familie<br>Pflegekinderdienst<br>Postfach 1138<br>14801 Bad Belzig<\/p>\n\n\n\n<p><\/p>\n\n\n\n<p><\/p>\n","protected":false},"excerpt":{"rendered":"<p>Das Hilfesystem f\u00fcr Pflegekinder in Potsdam und Potsdam-MittelmarkDas Hilfesystem f\u00fcr Pflegekinder in Potsdam und dem Landkreis Potsdam-Mittelmark ist darauf ausgerichtet, Kindern und Jugendlichen, die nicht in ihrer Herkunftsfamilie leben k\u00f6nnen, ein stabiles und f\u00f6rderndes Zuhause zu bieten. Der Prozess beginnt mit der sorgf\u00e4ltigen Auswahl und Qualifizierung von geeigneten Pflegefamilien. Interessierte Paare oder Einzelpersonen durchlaufen eine &hellip; <\/p>\n<p class=\"link-more\"><a href=\"https:\/\/pflegefamilienverein.de\/?page_id=210\" class=\"more-link\"><span class=\"screen-reader-text\">\u201eHilfesystem\u201c <\/span>weiterlesen<\/a><\/p>\n","protected":false},"author":2,"featured_media":0,"parent":180,"menu_order":0,"comment_status":"closed","ping_status":"closed","template":"","meta":{"footnotes":""},"class_list":["post-210","page","type-page","status-publish","hentry"],"_links":{"self":[{"href":"https:\/\/pflegefamilienverein.de\/index.php?rest_route=\/wp\/v2\/pages\/210","targetHints":{"allow":["GET"]}}],"collection":[{"href":"https:\/\/pflegefamilienverein.de\/index.php?rest_route=\/wp\/v2\/pages"}],"about":[{"href":"https:\/\/pflegefamilienverein.de\/index.php?rest_route=\/wp\/v2\/types\/page"}],"author":[{"embeddable":true,"href":"https:\/\/pflegefamilienverein.de\/index.php?rest_route=\/wp\/v2\/users\/2"}],"replies":[{"embeddable":true,"href":"https:\/\/pflegefamilienverein.de\/index.php?rest_route=%2Fwp%2Fv2%2Fcomments&post=210"}],"version-history":[{"count":0,"href":"https:\/\/pflegefamilienverein.de\/index.php?rest_route=\/wp\/v2\/pages\/210\/revisions"}],"up":[{"embeddable":true,"href":"https:\/\/pflegefamilienverein.de\/index.php?rest_route=\/wp\/v2\/pages\/180"}],"wp:attachment":[{"href":"https:\/\/pflegefamilienverein.de\/index.php?rest_route=%2Fwp%2Fv2%2Fmedia&parent=210"}],"curies":[{"name":"wp","href":"https:\/\/api.w.org\/{rel}","templated":true}]}}