{"id":180,"date":"2025-03-31T19:45:52","date_gmt":"2025-03-31T17:45:52","guid":{"rendered":"https:\/\/test.pflegefamilienverein.de\/?page_id=180"},"modified":"2025-03-31T19:45:52","modified_gmt":"2025-03-31T17:45:52","slug":"wissenswert","status":"publish","type":"page","link":"https:\/\/pflegefamilienverein.de\/?page_id=180","title":{"rendered":"Wissenswertes"},"content":{"rendered":"\n<p>Wenn Eltern oder Erziehungsberechtigte aus unterschiedlichen Gr\u00fcnden ihren Aufgaben nicht oder nicht ausreichend nachkommen k\u00f6nnen, greift ein vielf\u00e4ltiges Hilfesystem der Kinderpflege. Dieses System umfasst pr\u00e4ventive Angebote, unterst\u00fctzende Ma\u00dfnahmen f\u00fcr Familien in schwierigen Situationen sowie die Unterbringung von Kindern und Jugendlichen in geeigneten Formen der Fremdbetreuung, wenn das Kindeswohl gef\u00e4hrdet ist. Ziel ist es stets, das Recht junger Menschen auf eine gesunde Entwicklung und ein sicheres Aufwachsen zu gew\u00e4hrleisten und ihnen Perspektiven f\u00fcr ein selbstst\u00e4ndiges Leben zu er\u00f6ffnen. Weitere Informationen in den folgenden Links.<\/p>\n\n\n<ul class=\"wp-block-page-list\"><li class=\"wp-block-pages-list__item has-child\"><a class=\"wp-block-pages-list__item__link\" href=\"https:\/\/pflegefamilienverein.de\/?page_id=210\">Hilfesystem<\/a><ul class=\"wp-block-navigation__submenu-container\"><li class=\"wp-block-pages-list__item has-child \"><a class=\"wp-block-pages-list__item__link\" href=\"https:\/\/pflegefamilienverein.de\/?page_id=216\">Erste Schritte als gepr\u00fcfte Pflegeeltern<\/a><ul class=\"wp-block-navigation__submenu-container\"><li class=\"wp-block-pages-list__item \"><a class=\"wp-block-pages-list__item__link\" href=\"https:\/\/pflegefamilienverein.de\/?page_id=218\">Anbahnung<\/a><\/li><\/ul><\/li><li class=\"wp-block-pages-list__item \"><a class=\"wp-block-pages-list__item__link\" href=\"https:\/\/pflegefamilienverein.de\/?page_id=213\">Voraussetzungen f\u00fcr Pflegeeltern<\/a><\/li><\/ul><\/li><li class=\"wp-block-pages-list__item has-child\"><a class=\"wp-block-pages-list__item__link\" href=\"https:\/\/pflegefamilienverein.de\/?page_id=90\">Pflegeformen<\/a><ul class=\"wp-block-navigation__submenu-container\"><li class=\"wp-block-pages-list__item \"><a class=\"wp-block-pages-list__item__link\" href=\"https:\/\/pflegefamilienverein.de\/?page_id=206\">Bereitschaftspflege<\/a><\/li><li class=\"wp-block-pages-list__item \"><a class=\"wp-block-pages-list__item__link\" href=\"https:\/\/pflegefamilienverein.de\/?page_id=178\">Dauerpflege<\/a><\/li><li class=\"wp-block-pages-list__item \"><a class=\"wp-block-pages-list__item__link\" href=\"https:\/\/pflegefamilienverein.de\/?page_id=193\">Kurzzeitpflege<\/a><\/li><li class=\"wp-block-pages-list__item \"><a class=\"wp-block-pages-list__item__link\" href=\"https:\/\/pflegefamilienverein.de\/?page_id=208\">Verwandtenpflege<\/a><\/li><\/ul><\/li><\/ul>\n\n\n<p><\/p>\n","protected":false},"excerpt":{"rendered":"<p>Wenn Eltern oder Erziehungsberechtigte aus unterschiedlichen Gr\u00fcnden ihren Aufgaben nicht oder nicht ausreichend nachkommen k\u00f6nnen, greift ein vielf\u00e4ltiges Hilfesystem der Kinderpflege. Dieses System umfasst pr\u00e4ventive Angebote, unterst\u00fctzende Ma\u00dfnahmen f\u00fcr Familien in schwierigen Situationen sowie die Unterbringung von Kindern und Jugendlichen in geeigneten Formen der Fremdbetreuung, wenn das Kindeswohl gef\u00e4hrdet ist. Ziel ist es stets, das &hellip; <\/p>\n<p class=\"link-more\"><a href=\"https:\/\/pflegefamilienverein.de\/?page_id=180\" class=\"more-link\"><span class=\"screen-reader-text\">\u201eWissenswertes\u201c <\/span>weiterlesen<\/a><\/p>\n","protected":false},"author":1,"featured_media":0,"parent":0,"menu_order":0,"comment_status":"closed","ping_status":"closed","template":"","meta":{"footnotes":""},"class_list":["post-180","page","type-page","status-publish","hentry"],"_links":{"self":[{"href":"https:\/\/pflegefamilienverein.de\/index.php?rest_route=\/wp\/v2\/pages\/180","targetHints":{"allow":["GET"]}}],"collection":[{"href":"https:\/\/pflegefamilienverein.de\/index.php?rest_route=\/wp\/v2\/pages"}],"about":[{"href":"https:\/\/pflegefamilienverein.de\/index.php?rest_route=\/wp\/v2\/types\/page"}],"author":[{"embeddable":true,"href":"https:\/\/pflegefamilienverein.de\/index.php?rest_route=\/wp\/v2\/users\/1"}],"replies":[{"embeddable":true,"href":"https:\/\/pflegefamilienverein.de\/index.php?rest_route=%2Fwp%2Fv2%2Fcomments&post=180"}],"version-history":[{"count":0,"href":"https:\/\/pflegefamilienverein.de\/index.php?rest_route=\/wp\/v2\/pages\/180\/revisions"}],"wp:attachment":[{"href":"https:\/\/pflegefamilienverein.de\/index.php?rest_route=%2Fwp%2Fv2%2Fmedia&parent=180"}],"curies":[{"name":"wp","href":"https:\/\/api.w.org\/{rel}","templated":true}]}}