{"id":132,"date":"2025-03-30T13:39:02","date_gmt":"2025-03-30T11:39:02","guid":{"rendered":"https:\/\/pfv-53de47eceb-h6edbwgrhhd5afgq.z01.azurefd.net\/?page_id=132"},"modified":"2025-03-30T13:39:02","modified_gmt":"2025-03-30T11:39:02","slug":"unsere-mission","status":"publish","type":"page","link":"https:\/\/pflegefamilienverein.de\/","title":{"rendered":"Unsere Motivation"},"content":{"rendered":"\n<p>Kinder brauchen eine Familie, einen gesch\u00fctzten Raum sowie Geborgenheit, um sich entwickeln zu k\u00f6nnen und ein selbstbestimmtes und zufriedenstellendes Leben zu f\u00fchren. Wir sind ganz normale und gleichzeitig besondere Familien, mal gro\u00df mal klein. Wir lieben unsere Kinder \u2013 alle, die die uns anvertrauten und die eigenen \u2013 und wachsen jeden Tag gemeinsam und enger zusammen.<\/p>\n\n\n\n<p>Wir Pflegefamilien stehen h\u00e4ufig vor \u00e4hnlichen Herausforderungen. Deshalb b\u00fcndeln wir unser Wissen und unsere Kraft. Gemeinsam und gut vernetzt sind wir besser informiert, k\u00f6nnen unsere Ressourcen b\u00fcndeln und die Kinder sowie uns, gezielt und nach Bedarf unterst\u00fctzen.&nbsp;<\/p>\n\n\n\n<p>Der Pflegeelternverein m\u00f6chte die Pflegefamilien unterst\u00fctzen und p\u00e4dagogische, psychologische und rechtliche Hilfestellungen geben.<\/p>\n","protected":false},"excerpt":{"rendered":"<p>Kinder brauchen eine Familie, einen gesch\u00fctzten Raum sowie Geborgenheit, um sich entwickeln zu k\u00f6nnen und ein selbstbestimmtes und zufriedenstellendes Leben zu f\u00fchren. Wir sind ganz normale und gleichzeitig besondere Familien, mal gro\u00df mal klein. Wir lieben unsere Kinder \u2013 alle, die die uns anvertrauten und die eigenen \u2013 und wachsen jeden Tag gemeinsam und enger &hellip; <\/p>\n<p class=\"link-more\"><a href=\"https:\/\/pflegefamilienverein.de\/\" class=\"more-link\"><span class=\"screen-reader-text\">\u201eUnsere Motivation\u201c <\/span>weiterlesen<\/a><\/p>\n","protected":false},"author":2,"featured_media":0,"parent":0,"menu_order":0,"comment_status":"closed","ping_status":"closed","template":"","meta":{"footnotes":""},"class_list":["post-132","page","type-page","status-publish","hentry"],"_links":{"self":[{"href":"https:\/\/pflegefamilienverein.de\/index.php?rest_route=\/wp\/v2\/pages\/132","targetHints":{"allow":["GET"]}}],"collection":[{"href":"https:\/\/pflegefamilienverein.de\/index.php?rest_route=\/wp\/v2\/pages"}],"about":[{"href":"https:\/\/pflegefamilienverein.de\/index.php?rest_route=\/wp\/v2\/types\/page"}],"author":[{"embeddable":true,"href":"https:\/\/pflegefamilienverein.de\/index.php?rest_route=\/wp\/v2\/users\/2"}],"replies":[{"embeddable":true,"href":"https:\/\/pflegefamilienverein.de\/index.php?rest_route=%2Fwp%2Fv2%2Fcomments&post=132"}],"version-history":[{"count":0,"href":"https:\/\/pflegefamilienverein.de\/index.php?rest_route=\/wp\/v2\/pages\/132\/revisions"}],"wp:attachment":[{"href":"https:\/\/pflegefamilienverein.de\/index.php?rest_route=%2Fwp%2Fv2%2Fmedia&parent=132"}],"curies":[{"name":"wp","href":"https:\/\/api.w.org\/{rel}","templated":true}]}}