{"id":100,"date":"2025-03-30T13:01:15","date_gmt":"2025-03-30T11:01:15","guid":{"rendered":"https:\/\/pfv-53de47eceb-h6edbwgrhhd5afgq.z01.azurefd.net\/?page_id=100"},"modified":"2026-03-26T13:43:02","modified_gmt":"2026-03-26T12:43:02","slug":"veranstaltungen","status":"publish","type":"page","link":"https:\/\/pflegefamilienverein.de\/?page_id=100","title":{"rendered":"Veranstaltungen"},"content":{"rendered":"\n<h3 class=\"wp-block-heading\"><em><strong>Pflegeelternfr\u00fchst\u00fcck<\/strong><\/em><\/h3>\n\n\n\n<p>Die \u201ePflegeeltern-Fr\u00fchst\u00fccksrunde\u201c wird weiterhin ein fester Bestandteil des Vereins bleiben. Aktive Pflegem\u00fctter und -v\u00e4ter und solche, die es gerne werden m\u00f6chten, sind herzlich eingeladen.&nbsp;An diesen Vormittagen findet ein reger Erfahrungsaustausch statt. Wir treffen uns jeden ersten Mittwoch im Monat zu einem gemeinsamen&nbsp;Fr\u00fchst\u00fcck, das privat stattfindet. Gastgeber sind Mitglieder des Vereins.&nbsp;<\/p>\n\n\n\n<div class=\"wp-block-columns alignwide is-layout-flex wp-container-core-columns-is-layout-9d6595d7 wp-block-columns-is-layout-flex\">\n<div class=\"wp-block-column is-layout-flow wp-block-column-is-layout-flow\" style=\"flex-basis:15%\"><\/div>\n\n\n\n<div class=\"wp-block-column is-layout-flow wp-block-column-is-layout-flow\" style=\"flex-basis:85%\">\n<div class=\"wp-block-media-text is-stacked-on-mobile\"><figure class=\"wp-block-media-text__media\"><img decoding=\"async\" src=\"https:\/\/pfv-53de47eceb-h6edbwgrhhd5afgq.z01.azurefd.net\/blobpfv53de47eceb\/wp-content\/uploads\/2025\/03\/IMG_7922-scaled-1-768x1024.jpeg\" alt=\"\" class=\"wp-image-28 size-full\"\/><\/figure><div class=\"wp-block-media-text__content\">\n<p><strong>Das n\u00e4chste Fr\u00fchst\u00fcck <\/strong>findet am Freitag, den <br>17. April um 10 Uhr<br>in Fahrland statt.<\/p>\n<\/div><\/div>\n<\/div>\n<\/div>\n\n\n\n<p>Die Adresse des Gastgebers bitte telefonisch, per Mail \u00fcber info(at)pflegeelternverein.de oder via <a href=\"https:\/\/pfv-53de47eceb-h6edbwgrhhd5afgq.z01.azurefd.net\/kontakt-impressum\/#Kontakt\" data-type=\"page\" data-id=\"84\">Kontaktformular<\/a> erfragen. <br><\/p>\n\n\n\n<p><strong>Weitere Fr\u00fchst\u00fccks-Termine:<\/strong><br>Mittwoch, 06. Mai 2026, in Gro\u00df Kreutz<\/p>\n\n\n\n<p>Freitag, 05. Juni 2026, in Werder<\/p>\n\n\n\n<h3 class=\"wp-block-heading\"><em><strong>Pflegeeltern<\/strong><\/em><strong><em>-Themenabend<\/em><\/strong><\/h3>\n\n\n\n<p>Mehrmals im Jahr fand abends ein Pflegeeltern-Themenabend mit geladenen Experten statt. Hier sind ganz besonders auch diejenigen eingeladen, die sich einfach nur mal informieren m\u00f6chten.<\/p>\n\n\n\n<details class=\"wp-block-details has-vivid-red-color has-text-color has-link-color wp-elements-f60168a831fca650fd4c8c1915433dff is-layout-flow wp-block-details-is-layout-flow\"><summary>Wegen mangelnder Teilnahme werden wir dieses Format vorerst nicht mehr anbieten.<\/summary>\n<blockquote class=\"wp-block-quote is-layout-flow wp-block-quote-is-layout-flow\">\n<p>Wegen mangelnder Teilnahme werden wir dieses Format leider nicht mehr anbieten.<\/p>\n<\/blockquote>\n<\/details>\n\n\n\n<p style=\"font-size:1px\">Am Mittwoch, den 24. Februar und am Mittwoch, den 24. M\u00e4rz ab 20 Uhr findet unser Stammtisch als Videomeeting statt. Wer Interesse hat, bitte einfach unter pflegeelternverein-pm@gmx.de .<\/p>\n\n\n\n<h3 class=\"wp-block-heading\"><strong><em>Supervisionen f\u00fcr Pflegeeltern <\/em><\/strong><\/h3>\n\n\n\n<p>Ansprechpartner: Christian Gunkel, E-Mail: christian.gunkel(at)potsdam-mittelmark.de<\/p>\n\n\n\n<figure class=\"wp-block-image size-large\"><img decoding=\"async\" src=\"https:\/\/pfv-53de47eceb-h6edbwgrhhd5afgq.z01.azurefd.net\/blobpfv53de47eceb\/wp-content\/uploads\/2025\/03\/artem-kniaz-DqgMHzeio7g-unsplash-1024x683.jpg\" alt=\"\" class=\"wp-image-73\"\/><\/figure>\n\n\n\n<p><\/p>\n\n\n\n<p><strong><em>Fortbildungen<\/em><\/strong><\/p>\n\n\n\n<p>Selten verl\u00e4uft der Pflegefamilien-Alltag geradlinig, vielmehr wechseln sich H\u00f6hen und Tiefen ab. Damit Pflegefamilien zu einem sicheren Ort f\u00fcr seelisch belastete Kinder werden k\u00f6nnen, m\u00fcssen Pflegeeltern selbst zu Experten werden. Deswegen bietet der Pflegeelternverein Potsdam\/Potsdam-Mittelmark e.V. regelm\u00e4\u00dfig Fortbildungen an &#8211; zum Beispiel zu den Themen wie die fr\u00fchkindliche Entwicklung, besonderer F\u00f6rderbedarf bei fetalem Alkoholsyndrom, Bindungsst\u00f6rungen, Traumatisierungen, aber auch rechtliche Grundlagen von Pflegeverh\u00e4ltnissen.<\/p>\n\n\n\n<p><\/p>\n\n\n\n<h2 class=\"wp-block-heading\">November 2023<\/h2>\n\n\n\n<p>Fortbildung: &#8222;Ich kann das sowieso nicht! Was tun bei Hilflosigkeit und Widerstand gegen\u00fcber Leistungsanforderungen?&#8220; von Irmela Wiemann<\/p>\n\n\n\n<p><a href=\"https:\/\/pfv-53de47eceb-h6edbwgrhhd5afgq.z01.azurefd.net\/blobpfv53de47eceb\/wp-content\/uploads\/2025\/03\/Ich-kann-das-sowieso-nicht-20230522.pdf\">Pr\u00e4sentation hier zum Herunterladen<\/a><\/p>\n\n\n\n<h2 class=\"wp-block-heading\">01. Juli 2023<\/h2>\n\n\n\n<p>Fortbildung<strong> &#8222;Heranwachsen in der digitalen Welt: Neue Herausforderungen in der Erziehung meistern&#8220;<\/strong> von Prof. Dr. Daniel Hajok, Arbeitsgemeinschaft Kindheit, Jugend und neue Medien (AKJM)<\/p>\n\n\n\n<p><a href=\"https:\/\/pfv-53de47eceb-h6edbwgrhhd5afgq.z01.azurefd.net\/blobpfv53de47eceb\/wp-content\/uploads\/2025\/03\/Heranwachsen_digitale_Medien_2023-07-01_clear1.pdf\">Pr\u00e4sentation hier zum Herunterladen<\/a><\/p>\n\n\n\n<h2 class=\"wp-block-heading\">18. Februar 2023<\/h2>\n\n\n\n<p>Fortbildung &#8222;<strong>\u00dcber die psychische Entwicklung von Kindern in Pflegefamilien<\/strong>&#8220; von Antje Kollin, Psychologin und Psychotherapeutin<\/p>\n\n\n\n<p><a href=\"https:\/\/pfv-53de47eceb-h6edbwgrhhd5afgq.z01.azurefd.net\/blobpfv53de47eceb\/wp-content\/uploads\/2025\/03\/Semimar_P2022.pdf\">Seminarinhalte<\/a><\/p>\n\n\n\n<h2 class=\"wp-block-heading\">17. September 2022<\/h2>\n\n\n\n<p>Fortbildung &#8222;<strong>Careleaver<\/strong>:<strong> Hilfen f\u00fcr junge Vollj\u00e4hrige nach der Jugendhilfe<\/strong>&#8220; von Wiebke Poschmann, Rechtsanw\u00e4ltin<\/p>\n\n\n\n<p><a href=\"https:\/\/test.pflegefamilienverein.de\/blobpfv53de47eceb\/wp-content\/uploads\/2025\/03\/2022_09_17_Pflegekinder_Careleaver.pdf\">Pr\u00e4sentation hier zum Herunterladen<\/a><\/p>\n\n\n\n<h2 class=\"wp-block-heading\"><\/h2>\n\n\n\n<p><\/p>\n","protected":false},"excerpt":{"rendered":"<p>Pflegeelternfr\u00fchst\u00fcck Die \u201ePflegeeltern-Fr\u00fchst\u00fccksrunde\u201c wird weiterhin ein fester Bestandteil des Vereins bleiben. Aktive Pflegem\u00fctter und -v\u00e4ter und solche, die es gerne werden m\u00f6chten, sind herzlich eingeladen.&nbsp;An diesen Vormittagen findet ein reger Erfahrungsaustausch statt. Wir treffen uns jeden ersten Mittwoch im Monat zu einem gemeinsamen&nbsp;Fr\u00fchst\u00fcck, das privat stattfindet. Gastgeber sind Mitglieder des Vereins.&nbsp; Das n\u00e4chste Fr\u00fchst\u00fcck findet &hellip; <\/p>\n<p class=\"link-more\"><a href=\"https:\/\/pflegefamilienverein.de\/?page_id=100\" class=\"more-link\"><span class=\"screen-reader-text\">\u201eVeranstaltungen\u201c <\/span>weiterlesen<\/a><\/p>\n","protected":false},"author":2,"featured_media":0,"parent":0,"menu_order":0,"comment_status":"closed","ping_status":"closed","template":"","meta":{"footnotes":""},"class_list":["post-100","page","type-page","status-publish","hentry"],"_links":{"self":[{"href":"https:\/\/pflegefamilienverein.de\/index.php?rest_route=\/wp\/v2\/pages\/100","targetHints":{"allow":["GET"]}}],"collection":[{"href":"https:\/\/pflegefamilienverein.de\/index.php?rest_route=\/wp\/v2\/pages"}],"about":[{"href":"https:\/\/pflegefamilienverein.de\/index.php?rest_route=\/wp\/v2\/types\/page"}],"author":[{"embeddable":true,"href":"https:\/\/pflegefamilienverein.de\/index.php?rest_route=\/wp\/v2\/users\/2"}],"replies":[{"embeddable":true,"href":"https:\/\/pflegefamilienverein.de\/index.php?rest_route=%2Fwp%2Fv2%2Fcomments&post=100"}],"version-history":[{"count":2,"href":"https:\/\/pflegefamilienverein.de\/index.php?rest_route=\/wp\/v2\/pages\/100\/revisions"}],"predecessor-version":[{"id":336,"href":"https:\/\/pflegefamilienverein.de\/index.php?rest_route=\/wp\/v2\/pages\/100\/revisions\/336"}],"wp:attachment":[{"href":"https:\/\/pflegefamilienverein.de\/index.php?rest_route=%2Fwp%2Fv2%2Fmedia&parent=100"}],"curies":[{"name":"wp","href":"https:\/\/api.w.org\/{rel}","templated":true}]}}